{"id":56,"date":"2022-11-16T17:46:16","date_gmt":"2022-11-16T16:46:16","guid":{"rendered":"http:\/\/mzk.witnica.pl\/?page_id=56"},"modified":"2022-11-16T17:46:17","modified_gmt":"2022-11-16T16:46:17","slug":"nasze-uslugi","status":"publish","type":"page","link":"https:\/\/mzk.witnica.pl\/?page_id=56","title":{"rendered":"NASZE US\u0141UGI"},"content":{"rendered":"\n<p>MZK w Witnicy \u015bwiadczy us\u0142ugi na indywidualne zlecenia od os\u00f3b prawnych i fizycznych w zakresie rob\u00f3t odp\u0142atnych, obejmuj\u0105cych:<\/p>\n\n\n\n<ul class=\"wp-block-list\">\n<li>budow\u0119 sieci i przy\u0142\u0105czy wodoci\u0105gowo-kanalizacyjnych<\/li>\n\n\n\n<li>produkcji i dystrybucji energii cieplnej<\/li>\n\n\n\n<li>wydawania warunk\u00f3w technicznych w odniesieniu do przy\u0142\u0105czy wodoci\u0105gowo-kanalizacyjnych, uzgadniania projekt\u00f3w budowlanych<\/li>\n\n\n\n<li>kierowanie i nadz\u00f3r nad robotami budowlanymi w zakresie sieci wodoci\u0105gowo-kanalizacyjnych<\/li>\n\n\n\n<li>wynajmu : koparko-\u0142adowarki, mini koparki, ig\u0142ofiltr\u00f3w, d\u017awigu do 10 ton , \u015brodk\u00f3w transportu, agregatu pr\u0105dotw\u00f3rczego o mocy do 65 KW, m\u0142ota pneumatycznego spalinowego, pomp szlamowych<\/li>\n\n\n\n<li>dowozu specjalistycznym sprz\u0119tem wody do cel\u00f3w spo\u017cywczych i gospodarczych<\/li>\n\n\n\n<li>doradztwa technicznego w zakresie gospodarki wodno-\u015bciekowej<\/li>\n\n\n\n<li>audytu energetycznego budynk\u00f3w<\/li>\n\n\n\n<li>mycia elewacji budynk\u00f3w, pomnik\u00f3w, ekspozycji kamiennych itp.<\/li>\n\n\n\n<li>wywozu i utylizacji nieczysto\u015bci p\u0142ynnych<\/li>\n\n\n\n<li>wynajmu powierzchni u\u017cytkowej (plac utwardzony, biuro, magazyn)<\/li>\n\n\n\n<li>wytwarzania osadu po\u015bciekowego do wykorzystania rolniczego<\/li>\n\n\n\n<li>wykrywania specjalistycznym sprz\u0119tem (pod powierzchni\u0105 ziemi) tras przebiegu kabli, rur, przewod\u00f3w energetycznych, gazowych itp.<\/li>\n\n\n\n<li>sprawdzanie jako\u015bci izolacji termicznych kamer\u0105 termowizyjn\u0105<\/li>\n<\/ul>\n","protected":false},"excerpt":{"rendered":"<p>MZK w Witnicy \u015bwiadczy us\u0142ugi na indywidualne zlecenia od os\u00f3b prawnych i fizycznych w zakresie rob\u00f3t odp\u0142atnych, obejmuj\u0105cych:<\/p>\n","protected":false},"author":1,"featured_media":0,"parent":0,"menu_order":0,"comment_status":"closed","ping_status":"closed","template":"","meta":{"footnotes":""},"class_list":["post-56","page","type-page","status-publish","hentry","has-meta has-sticky-meta"],"yoast_head":"<!-- This site is optimized with the Yoast SEO plugin v23.1 - https:\/\/yoast.com\/wordpress\/plugins\/seo\/ -->\n<title>NASZE US\u0141UGI - Miejskie Zak\u0142ady Komunalne Sp. z o.o. w Witnicy<\/title>\n<meta name=\"robots\" content=\"index, follow, max-snippet:-1, max-image-preview:large, max-video-preview:-1\" \/>\n<link rel=\"canonical\" href=\"https:\/\/mzk.witnica.pl\/?page_id=56\" \/>\n<meta property=\"og:locale\" content=\"pl_PL\" \/>\n<meta property=\"og:type\" content=\"article\" \/>\n<meta property=\"og:title\" content=\"NASZE US\u0141UGI - Miejskie Zak\u0142ady Komunalne Sp. z o.o. w Witnicy\" \/>\n<meta property=\"og:description\" content=\"MZK w Witnicy \u015bwiadczy us\u0142ugi na indywidualne zlecenia od os\u00f3b prawnych i fizycznych w zakresie rob\u00f3t odp\u0142atnych, obejmuj\u0105cych:\" \/>\n<meta property=\"og:url\" content=\"https:\/\/mzk.witnica.pl\/?page_id=56\" \/>\n<meta property=\"og:site_name\" content=\"Miejskie Zak\u0142ady Komunalne Sp. z o.o. w Witnicy\" \/>\n<meta property=\"article:modified_time\" content=\"2022-11-16T16:46:17+00:00\" \/>\n<meta name=\"twitter:card\" content=\"summary_large_image\" \/>\n<script type=\"application\/ld+json\" class=\"yoast-schema-graph\">{\"@context\":\"https:\/\/schema.org\",\"@graph\":[{\"@type\":\"WebPage\",\"@id\":\"https:\/\/mzk.witnica.pl\/?page_id=56\",\"url\":\"https:\/\/mzk.witnica.pl\/?page_id=56\",\"name\":\"NASZE US\u0141UGI - Miejskie Zak\u0142ady Komunalne Sp. z o.o. w Witnicy\",\"isPartOf\":{\"@id\":\"https:\/\/mzk.witnica.pl\/#website\"},\"datePublished\":\"2022-11-16T16:46:16+00:00\",\"dateModified\":\"2022-11-16T16:46:17+00:00\",\"breadcrumb\":{\"@id\":\"https:\/\/mzk.witnica.pl\/?page_id=56#breadcrumb\"},\"inLanguage\":\"pl-PL\",\"potentialAction\":[{\"@type\":\"ReadAction\",\"target\":[\"https:\/\/mzk.witnica.pl\/?page_id=56\"]}]},{\"@type\":\"BreadcrumbList\",\"@id\":\"https:\/\/mzk.witnica.pl\/?page_id=56#breadcrumb\",\"itemListElement\":[{\"@type\":\"ListItem\",\"position\":1,\"name\":\"Home\",\"item\":\"https:\/\/mzk.witnica.pl\/\"},{\"@type\":\"ListItem\",\"position\":2,\"name\":\"NASZE US\u0141UGI\"}]},{\"@type\":\"WebSite\",\"@id\":\"https:\/\/mzk.witnica.pl\/#website\",\"url\":\"https:\/\/mzk.witnica.pl\/\",\"name\":\"Miejskie Zak\u0142ady Komunalne Sp. z o.o. w Witnicy\",\"description\":\"ul. Kosynier\u00f3w Miros\u0142awskich 1, 66-460 Witnica\",\"publisher\":{\"@id\":\"https:\/\/mzk.witnica.pl\/#organization\"},\"potentialAction\":[{\"@type\":\"SearchAction\",\"target\":{\"@type\":\"EntryPoint\",\"urlTemplate\":\"https:\/\/mzk.witnica.pl\/?s={search_term_string}\"},\"query-input\":\"required name=search_term_string\"}],\"inLanguage\":\"pl-PL\"},{\"@type\":\"Organization\",\"@id\":\"https:\/\/mzk.witnica.pl\/#organization\",\"name\":\"Miejskie Zak\u0142ady Komunalne Sp. z o.o. w Witnicy\",\"url\":\"https:\/\/mzk.witnica.pl\/\",\"logo\":{\"@type\":\"ImageObject\",\"inLanguage\":\"pl-PL\",\"@id\":\"https:\/\/mzk.witnica.pl\/#\/schema\/logo\/image\/\",\"url\":\"https:\/\/mzk.witnica.pl\/wp-content\/uploads\/2024\/07\/cropped-cropped-Logo-Dobre.jpg\",\"contentUrl\":\"https:\/\/mzk.witnica.pl\/wp-content\/uploads\/2024\/07\/cropped-cropped-Logo-Dobre.jpg\",\"width\":516,\"height\":519,\"caption\":\"Miejskie Zak\u0142ady Komunalne Sp. z o.o.  w Witnicy\"},\"image\":{\"@id\":\"https:\/\/mzk.witnica.pl\/#\/schema\/logo\/image\/\"}}]}<\/script>\n<!-- \/ Yoast SEO plugin. -->","yoast_head_json":{"title":"NASZE US\u0141UGI - Miejskie Zak\u0142ady Komunalne Sp. z o.o. w Witnicy","robots":{"index":"index","follow":"follow","max-snippet":"max-snippet:-1","max-image-preview":"max-image-preview:large","max-video-preview":"max-video-preview:-1"},"canonical":"https:\/\/mzk.witnica.pl\/?page_id=56","og_locale":"pl_PL","og_type":"article","og_title":"NASZE US\u0141UGI - Miejskie Zak\u0142ady Komunalne Sp. z o.o. w Witnicy","og_description":"MZK w Witnicy \u015bwiadczy us\u0142ugi na indywidualne zlecenia od os\u00f3b prawnych i fizycznych w zakresie rob\u00f3t odp\u0142atnych, obejmuj\u0105cych:","og_url":"https:\/\/mzk.witnica.pl\/?page_id=56","og_site_name":"Miejskie Zak\u0142ady Komunalne Sp. z o.o. w Witnicy","article_modified_time":"2022-11-16T16:46:17+00:00","twitter_card":"summary_large_image","schema":{"@context":"https:\/\/schema.org","@graph":[{"@type":"WebPage","@id":"https:\/\/mzk.witnica.pl\/?page_id=56","url":"https:\/\/mzk.witnica.pl\/?page_id=56","name":"NASZE US\u0141UGI - Miejskie Zak\u0142ady Komunalne Sp. z o.o. w Witnicy","isPartOf":{"@id":"https:\/\/mzk.witnica.pl\/#website"},"datePublished":"2022-11-16T16:46:16+00:00","dateModified":"2022-11-16T16:46:17+00:00","breadcrumb":{"@id":"https:\/\/mzk.witnica.pl\/?page_id=56#breadcrumb"},"inLanguage":"pl-PL","potentialAction":[{"@type":"ReadAction","target":["https:\/\/mzk.witnica.pl\/?page_id=56"]}]},{"@type":"BreadcrumbList","@id":"https:\/\/mzk.witnica.pl\/?page_id=56#breadcrumb","itemListElement":[{"@type":"ListItem","position":1,"name":"Home","item":"https:\/\/mzk.witnica.pl\/"},{"@type":"ListItem","position":2,"name":"NASZE US\u0141UGI"}]},{"@type":"WebSite","@id":"https:\/\/mzk.witnica.pl\/#website","url":"https:\/\/mzk.witnica.pl\/","name":"Miejskie Zak\u0142ady Komunalne Sp. z o.o. w Witnicy","description":"ul. Kosynier\u00f3w Miros\u0142awskich 1, 66-460 Witnica","publisher":{"@id":"https:\/\/mzk.witnica.pl\/#organization"},"potentialAction":[{"@type":"SearchAction","target":{"@type":"EntryPoint","urlTemplate":"https:\/\/mzk.witnica.pl\/?s={search_term_string}"},"query-input":"required name=search_term_string"}],"inLanguage":"pl-PL"},{"@type":"Organization","@id":"https:\/\/mzk.witnica.pl\/#organization","name":"Miejskie Zak\u0142ady Komunalne Sp. z o.o. w Witnicy","url":"https:\/\/mzk.witnica.pl\/","logo":{"@type":"ImageObject","inLanguage":"pl-PL","@id":"https:\/\/mzk.witnica.pl\/#\/schema\/logo\/image\/","url":"https:\/\/mzk.witnica.pl\/wp-content\/uploads\/2024\/07\/cropped-cropped-Logo-Dobre.jpg","contentUrl":"https:\/\/mzk.witnica.pl\/wp-content\/uploads\/2024\/07\/cropped-cropped-Logo-Dobre.jpg","width":516,"height":519,"caption":"Miejskie Zak\u0142ady Komunalne Sp. z o.o.  w Witnicy"},"image":{"@id":"https:\/\/mzk.witnica.pl\/#\/schema\/logo\/image\/"}}]}},"_links":{"self":[{"href":"https:\/\/mzk.witnica.pl\/index.php?rest_route=\/wp\/v2\/pages\/56","targetHints":{"allow":["GET"]}}],"collection":[{"href":"https:\/\/mzk.witnica.pl\/index.php?rest_route=\/wp\/v2\/pages"}],"about":[{"href":"https:\/\/mzk.witnica.pl\/index.php?rest_route=\/wp\/v2\/types\/page"}],"author":[{"embeddable":true,"href":"https:\/\/mzk.witnica.pl\/index.php?rest_route=\/wp\/v2\/users\/1"}],"replies":[{"embeddable":true,"href":"https:\/\/mzk.witnica.pl\/index.php?rest_route=%2Fwp%2Fv2%2Fcomments&post=56"}],"version-history":[{"count":1,"href":"https:\/\/mzk.witnica.pl\/index.php?rest_route=\/wp\/v2\/pages\/56\/revisions"}],"predecessor-version":[{"id":57,"href":"https:\/\/mzk.witnica.pl\/index.php?rest_route=\/wp\/v2\/pages\/56\/revisions\/57"}],"wp:attachment":[{"href":"https:\/\/mzk.witnica.pl\/index.php?rest_route=%2Fwp%2Fv2%2Fmedia&parent=56"}],"curies":[{"name":"wp","href":"https:\/\/api.w.org\/{rel}","templated":true}]}}