{"id":1148,"date":"2024-09-12T10:37:53","date_gmt":"2024-09-12T08:37:53","guid":{"rendered":"https:\/\/mzk.witnica.pl\/?page_id=1148"},"modified":"2024-09-16T14:13:58","modified_gmt":"2024-09-16T12:13:58","slug":"podlaczenie-do-sieci-wod-kan","status":"publish","type":"page","link":"https:\/\/mzk.witnica.pl\/?page_id=1148","title":{"rendered":"POD\u0141\u0104CZENIE DO SIECI WOD-KAN"},"content":{"rendered":"\t\t<div data-elementor-type=\"wp-page\" data-elementor-id=\"1148\" class=\"elementor elementor-1148\">\n\t\t\t\t<div class=\"elementor-element elementor-element-74d11e9 e-flex e-con-boxed e-con e-parent\" data-id=\"74d11e9\" data-element_type=\"container\">\n\t\t\t\t\t<div class=\"e-con-inner\">\n\t\t\t\t<div class=\"elementor-element elementor-element-c9cb464 elementor-widget elementor-widget-text-editor\" data-id=\"c9cb464\" data-element_type=\"widget\" data-widget_type=\"text-editor.default\">\n\t\t\t\t<div class=\"elementor-widget-container\">\n\t\t\t<style>\/*! elementor - v3.23.0 - 23-07-2024 *\/\n.elementor-widget-text-editor.elementor-drop-cap-view-stacked .elementor-drop-cap{background-color:#69727d;color:#fff}.elementor-widget-text-editor.elementor-drop-cap-view-framed .elementor-drop-cap{color:#69727d;border:3px solid;background-color:transparent}.elementor-widget-text-editor:not(.elementor-drop-cap-view-default) .elementor-drop-cap{margin-top:8px}.elementor-widget-text-editor:not(.elementor-drop-cap-view-default) .elementor-drop-cap-letter{width:1em;height:1em}.elementor-widget-text-editor .elementor-drop-cap{float:left;text-align:center;line-height:1;font-size:50px}.elementor-widget-text-editor .elementor-drop-cap-letter{display:inline-block}<\/style>\t\t\t\t<h3 style=\"text-align: justify;\"><strong>Jak przy\u0142\u0105czy\u0107 nieruchomo\u015b\u0107 do sieci wodoci\u0105gowej i\/lub kanalizacyjnej?<\/strong><\/h3>\n<p style=\"text-align: justify;\"><strong>&nbsp;<\/strong><\/p><p style=\"text-align: justify;\"><strong>wersja pdf &#8211; <a href=\"https:\/\/mzk.witnica.pl\/wp-content\/uploads\/2024\/09\/Jak-podlaczyc-WOD-KAN.pdf\">pobierz<\/a><\/strong><\/p>\n<p style=\"text-align: justify;\"><strong><br><\/strong><\/p><p style=\"text-align: justify;\"><strong>KROK 1<\/strong><\/p>\n<p style=\"text-align: justify;\"><strong>Uzyskanie promesy<\/strong><\/p>\n<ul style=\"text-align: justify;\">\n<li>Aby rozpocz\u0105\u0107 procedur\u0119 zmierzaj\u0105c\u0105 do przy\u0142\u0105czenia nieruchomo\u015b\u0107 do sieci wodoci\u0105gowej i\/lub kanalizacyjnej nale\u017cy wyst\u0105pi\u0107 z&nbsp;pro\u015bb\u0105 do MZK Sp. z o.o. o&nbsp;zapewnienie dostawy wody i\/lub odprowadzenie \u015bciek\u00f3w do dzia\u0142ki.<\/li>\n<\/ul>\n<p style=\"text-align: justify;\"><strong>KROK 2<\/strong><\/p>\n<p style=\"text-align: justify;\"><strong>Wniosek o&nbsp;wydanie warunk\u00f3w technicznych<\/strong><\/p>\n<ul style=\"text-align: justify;\">\n<li>Otrzymuj\u0105c zapewnienie nast\u0119pnie nale\u017cy z\u0142o\u017cy\u0107 wniosek o&nbsp;wydanie warunk\u00f3w pod\u0142\u0105czenia do sieci wodoci\u0105gowej i\/lub kanalizacyjnej.<\/li>\n<\/ul>\n<p style=\"text-align: justify;\"><u>UWAGA:<\/u>&nbsp;Wniosek jest uwa\u017cany za kompletny je\u017celi zawiera za\u0142\u0105czniki:<\/p>\n<ol style=\"text-align: justify;\">\n<li>Plan zabudowy lub szkic sytuacyjny, okre\u015blaj\u0105cy usytuowanie przy\u0142\u0105cza w&nbsp;stosunku do istniej\u0105cej sieci wodoci\u0105gowej lub kanalizacyjnej oraz innych obiekt\u00f3w i&nbsp;sieci uzbrojenia terenu.<\/li>\n<li>Odpis z&nbsp;w\u0142a\u015bciwego rejestru wskazuj\u0105cy spos\u00f3b reprezentacji podmiotu.<\/li>\n<\/ol>\n<p style=\"text-align: justify;\"><em>Zgodnie z&nbsp;Prawem budowlanym (t. j. Dz.U. z&nbsp;2024 r. poz.725 ze&nbsp;zm.) art. 29a ust.1 oraz Ustaw\u0105 o&nbsp;zbiorowym zaopatrzeniu w&nbsp;wod\u0119 i&nbsp;zbiorowym odprowadzaniu \u015bciek\u00f3w (t. j. Dz.U. z&nbsp;2024 poz.757 ze&nbsp;zm.) art.7 ust.6 Podmiot ubiegaj\u0105cy si\u0119 o&nbsp;w\u0142\u0105czenie, winien&nbsp; <strong>sporz\u0105dzi\u0107 plan sytuacyjny,&nbsp;<\/strong>uwzgl\u0119dniaj\u0105cy Warunki, na kopii aktualnej mapy zasadniczej lub mapy jednostkowej przyj\u0119tej do pa\u0144stwowego zasobu geodezyjnego i&nbsp;kartograficznego.<\/em><\/p>\n<p>Zatem zalecamy aby projektowane przy\u0142\u0105cze wrysowa\u0107 i&nbsp;przed\u0142o\u017cy\u0107&nbsp;<strong>na kopii aktualnej mapy zasadniczej.<\/strong>&nbsp;Map\u0119 mo\u017cna naby\u0107 w&nbsp;Starostwie Powiatowym w&nbsp;Gorzowie Wielkopolskim, Wydzia\u0142 Geodezji i&nbsp;Kartografii&nbsp;<strong>,&nbsp;<\/strong>ul. J.Pankiewicza 5-7&nbsp;<strong>,&nbsp;<\/strong>66-400 Gorzowie Wlkp.<\/p>\n<p style=\"text-align: justify;\">Projekt przy\u0142\u0105cza mo\u017cna wykona\u0107 samodzielnie lub zleci\u0107 to wykwalifikowanemu projektantowi lub architektowi. Warunki przy\u0142\u0105czenia do sieci wodoci\u0105gowej i\/lub kanalizacyjnej zgodnie z&nbsp;art. 19a ustawy o&nbsp;zbiorowym zaopatrzeniu w&nbsp;wod\u0119 i&nbsp;zbiorowym odprowadzeniu \u015bciek\u00f3w (gdy spe\u0142nione s\u0105 mo\u017cliwo\u015bci techniczne i&nbsp;formalno-prawne),&nbsp; zostan\u0105 wydane w&nbsp;terminie:&nbsp;<\/p>\n<ol style=\"text-align: justify;\">\n<li><strong>21 dni<\/strong> dla budynk\u00f3w mieszkalnych jednorodzinnych,<\/li>\n<li><strong>45 dni<\/strong> dla pozosta\u0142ych przypadkach.<\/li>\n<\/ol>\n<p style=\"text-align: justify;\"><b>KROK 3<\/b><\/p>\n<p style=\"text-align: justify;\"><strong>Wydanie warunk\u00f3w technicznych<\/strong><\/p>\n<ul style=\"text-align: justify;\">\n<li>Po otrzymaniu Warunk\u00f3w pod\u0142\u0105czenia do sieci wodoci\u0105gowej i\/lub kanalizacyjnej. Nale\u017cy wykona\u0107 i&nbsp;przygotowa\u0107 do w\u0142\u0105czenia do sieci przy\u0142\u0105cze zgodnie z&nbsp;wydanymi warunkami. Inwestor ponosi koszt wybudowania przy\u0142\u0105cza.<\/li>\n<li><strong>W\u0142\u0105czenia do sieci wodoci\u0105gowej i\/lub kanalizacyjnej wykonuj\u0105 wy\u0142\u0105cznie pracownicy MZK Sp. z o.o.<\/strong>&nbsp;<\/li>\n<\/ul>\n<p style=\"text-align: justify;\"><strong>&nbsp;<\/strong><\/p>\n<p style=\"text-align: justify;\"><strong>KROK 4<\/strong><\/p>\n<p style=\"text-align: justify;\"><strong>Odbi\u00f3r przy\u0142\u0105cza<\/strong><\/p>\n<ul style=\"text-align: justify;\">\n<li>Przed odbiorem przy\u0142\u0105cza, nale\u017cy wykona\u0107 inwentaryzacj\u0119 geodezyjn\u0105. Prace geodezyjne nale\u017cy zleci\u0107 dowolnemu geodecie na koszt inwestora.<\/li>\n<li>Po wykonaniu przy\u0142\u0105cza i&nbsp;<strong>przed jego zasypaniem<\/strong> nale\u017cy zg\u0142osi\u0107 si\u0119 do MZK Sp. z o.o. celem ustalenia terminu odbioru przy\u0142\u0105cza. Przed zawarciem umowy na dostarczenie wody i\/lub odbi\u00f3r \u015bciek\u00f3w nale\u017cy okaza\u0107 mapk\u0119 powykonawcz\u0105 z&nbsp;naniesionym przy\u0142\u0105czem, protok\u00f3\u0142 z&nbsp;odbioru przy\u0142\u0105cza oraz z\u0142o\u017cy\u0107 wniosek o&nbsp;zawarcie umowy.<\/li>\n<\/ul>\n<p style=\"text-align: justify;\"><strong>KROK 5<\/strong><\/p>\n<p style=\"text-align: justify;\"><strong>Podpisanie umowy<\/strong><\/p>\n<ul>\n<li style=\"text-align: justify;\">Podpisanie umowy. Pob\u00f3r wody mo\u017cna rozpocz\u0105\u0107 po zawarciu umowy i&nbsp;monta\u017cu wodomierza g\u0142\u00f3wnego przez pracownik\u00f3w MZK Sp. z o.o.<\/li>\n<\/ul>\n<p><strong>* <span style=\"text-decoration: underline;\">obowi\u0105zuj\u0105ce druki wniosk\u00f3w znajduj\u0105 si\u0119 na naszej stronie w zak\u0142adce Strefa Klienta &#8211; Dokumenty do pobrania.<\/span><\/strong><\/p>\t\t\t\t\t\t<\/div>\n\t\t\t\t<\/div>\n\t\t\t\t\t<\/div>\n\t\t\t\t<\/div>\n\t\t\t\t<\/div>\n\t\t","protected":false},"excerpt":{"rendered":"<p>Jak przy\u0142\u0105czy\u0107 nieruchomo\u015b\u0107 do sieci wodoci\u0105gowej i\/lub kanalizacyjnej? &nbsp; wersja pdf &#8211; pobierz KROK 1 Uzyskanie promesy Aby rozpocz\u0105\u0107 procedur\u0119 zmierzaj\u0105c\u0105 do przy\u0142\u0105czenia nieruchomo\u015b\u0107 do sieci wodoci\u0105gowej i\/lub kanalizacyjnej nale\u017cy &hellip; <\/p>\n","protected":false},"author":3,"featured_media":0,"parent":0,"menu_order":0,"comment_status":"closed","ping_status":"closed","template":"","meta":{"footnotes":""},"class_list":["post-1148","page","type-page","status-publish","hentry","has-meta has-sticky-meta"],"yoast_head":"<!-- This site is optimized with the Yoast SEO plugin v23.1 - https:\/\/yoast.com\/wordpress\/plugins\/seo\/ -->\n<title>POD\u0141\u0104CZENIE DO SIECI WOD-KAN - Miejskie Zak\u0142ady Komunalne Sp. z o.o. w Witnicy<\/title>\n<meta name=\"robots\" content=\"index, follow, max-snippet:-1, max-image-preview:large, max-video-preview:-1\" \/>\n<link rel=\"canonical\" href=\"https:\/\/mzk.witnica.pl\/?page_id=1148\" \/>\n<meta property=\"og:locale\" content=\"pl_PL\" \/>\n<meta property=\"og:type\" content=\"article\" \/>\n<meta property=\"og:title\" content=\"POD\u0141\u0104CZENIE DO SIECI WOD-KAN - Miejskie Zak\u0142ady Komunalne Sp. z o.o. w Witnicy\" \/>\n<meta property=\"og:description\" content=\"Jak przy\u0142\u0105czy\u0107 nieruchomo\u015b\u0107 do sieci wodoci\u0105gowej i\/lub kanalizacyjnej? &nbsp; wersja pdf &#8211; pobierz KROK 1 Uzyskanie promesy Aby rozpocz\u0105\u0107 procedur\u0119 zmierzaj\u0105c\u0105 do przy\u0142\u0105czenia nieruchomo\u015b\u0107 do sieci wodoci\u0105gowej i\/lub kanalizacyjnej nale\u017cy &hellip;\" \/>\n<meta property=\"og:url\" content=\"https:\/\/mzk.witnica.pl\/?page_id=1148\" \/>\n<meta property=\"og:site_name\" content=\"Miejskie Zak\u0142ady Komunalne Sp. z o.o. w Witnicy\" \/>\n<meta property=\"article:modified_time\" content=\"2024-09-16T12:13:58+00:00\" \/>\n<meta name=\"twitter:card\" content=\"summary_large_image\" \/>\n<meta name=\"twitter:label1\" content=\"Szacowany czas czytania\" \/>\n\t<meta name=\"twitter:data1\" content=\"3 minuty\" \/>\n<script type=\"application\/ld+json\" class=\"yoast-schema-graph\">{\"@context\":\"https:\/\/schema.org\",\"@graph\":[{\"@type\":\"WebPage\",\"@id\":\"https:\/\/mzk.witnica.pl\/?page_id=1148\",\"url\":\"https:\/\/mzk.witnica.pl\/?page_id=1148\",\"name\":\"POD\u0141\u0104CZENIE DO SIECI WOD-KAN - Miejskie Zak\u0142ady Komunalne Sp. z o.o. w Witnicy\",\"isPartOf\":{\"@id\":\"https:\/\/mzk.witnica.pl\/#website\"},\"datePublished\":\"2024-09-12T08:37:53+00:00\",\"dateModified\":\"2024-09-16T12:13:58+00:00\",\"breadcrumb\":{\"@id\":\"https:\/\/mzk.witnica.pl\/?page_id=1148#breadcrumb\"},\"inLanguage\":\"pl-PL\",\"potentialAction\":[{\"@type\":\"ReadAction\",\"target\":[\"https:\/\/mzk.witnica.pl\/?page_id=1148\"]}]},{\"@type\":\"BreadcrumbList\",\"@id\":\"https:\/\/mzk.witnica.pl\/?page_id=1148#breadcrumb\",\"itemListElement\":[{\"@type\":\"ListItem\",\"position\":1,\"name\":\"Home\",\"item\":\"https:\/\/mzk.witnica.pl\/\"},{\"@type\":\"ListItem\",\"position\":2,\"name\":\"POD\u0141\u0104CZENIE DO SIECI WOD-KAN\"}]},{\"@type\":\"WebSite\",\"@id\":\"https:\/\/mzk.witnica.pl\/#website\",\"url\":\"https:\/\/mzk.witnica.pl\/\",\"name\":\"Miejskie Zak\u0142ady Komunalne Sp. z o.o. w Witnicy\",\"description\":\"ul. Kosynier\u00f3w Miros\u0142awskich 1, 66-460 Witnica\",\"publisher\":{\"@id\":\"https:\/\/mzk.witnica.pl\/#organization\"},\"potentialAction\":[{\"@type\":\"SearchAction\",\"target\":{\"@type\":\"EntryPoint\",\"urlTemplate\":\"https:\/\/mzk.witnica.pl\/?s={search_term_string}\"},\"query-input\":\"required name=search_term_string\"}],\"inLanguage\":\"pl-PL\"},{\"@type\":\"Organization\",\"@id\":\"https:\/\/mzk.witnica.pl\/#organization\",\"name\":\"Miejskie Zak\u0142ady Komunalne Sp. z o.o. w Witnicy\",\"url\":\"https:\/\/mzk.witnica.pl\/\",\"logo\":{\"@type\":\"ImageObject\",\"inLanguage\":\"pl-PL\",\"@id\":\"https:\/\/mzk.witnica.pl\/#\/schema\/logo\/image\/\",\"url\":\"https:\/\/mzk.witnica.pl\/wp-content\/uploads\/2024\/07\/cropped-cropped-Logo-Dobre.jpg\",\"contentUrl\":\"https:\/\/mzk.witnica.pl\/wp-content\/uploads\/2024\/07\/cropped-cropped-Logo-Dobre.jpg\",\"width\":516,\"height\":519,\"caption\":\"Miejskie Zak\u0142ady Komunalne Sp. z o.o.  w Witnicy\"},\"image\":{\"@id\":\"https:\/\/mzk.witnica.pl\/#\/schema\/logo\/image\/\"}}]}<\/script>\n<!-- \/ Yoast SEO plugin. -->","yoast_head_json":{"title":"POD\u0141\u0104CZENIE DO SIECI WOD-KAN - Miejskie Zak\u0142ady Komunalne Sp. z o.o. w Witnicy","robots":{"index":"index","follow":"follow","max-snippet":"max-snippet:-1","max-image-preview":"max-image-preview:large","max-video-preview":"max-video-preview:-1"},"canonical":"https:\/\/mzk.witnica.pl\/?page_id=1148","og_locale":"pl_PL","og_type":"article","og_title":"POD\u0141\u0104CZENIE DO SIECI WOD-KAN - Miejskie Zak\u0142ady Komunalne Sp. z o.o. w Witnicy","og_description":"Jak przy\u0142\u0105czy\u0107 nieruchomo\u015b\u0107 do sieci wodoci\u0105gowej i\/lub kanalizacyjnej? &nbsp; wersja pdf &#8211; pobierz KROK 1 Uzyskanie promesy Aby rozpocz\u0105\u0107 procedur\u0119 zmierzaj\u0105c\u0105 do przy\u0142\u0105czenia nieruchomo\u015b\u0107 do sieci wodoci\u0105gowej i\/lub kanalizacyjnej nale\u017cy &hellip;","og_url":"https:\/\/mzk.witnica.pl\/?page_id=1148","og_site_name":"Miejskie Zak\u0142ady Komunalne Sp. z o.o. w Witnicy","article_modified_time":"2024-09-16T12:13:58+00:00","twitter_card":"summary_large_image","twitter_misc":{"Szacowany czas czytania":"3 minuty"},"schema":{"@context":"https:\/\/schema.org","@graph":[{"@type":"WebPage","@id":"https:\/\/mzk.witnica.pl\/?page_id=1148","url":"https:\/\/mzk.witnica.pl\/?page_id=1148","name":"POD\u0141\u0104CZENIE DO SIECI WOD-KAN - Miejskie Zak\u0142ady Komunalne Sp. z o.o. w Witnicy","isPartOf":{"@id":"https:\/\/mzk.witnica.pl\/#website"},"datePublished":"2024-09-12T08:37:53+00:00","dateModified":"2024-09-16T12:13:58+00:00","breadcrumb":{"@id":"https:\/\/mzk.witnica.pl\/?page_id=1148#breadcrumb"},"inLanguage":"pl-PL","potentialAction":[{"@type":"ReadAction","target":["https:\/\/mzk.witnica.pl\/?page_id=1148"]}]},{"@type":"BreadcrumbList","@id":"https:\/\/mzk.witnica.pl\/?page_id=1148#breadcrumb","itemListElement":[{"@type":"ListItem","position":1,"name":"Home","item":"https:\/\/mzk.witnica.pl\/"},{"@type":"ListItem","position":2,"name":"POD\u0141\u0104CZENIE DO SIECI WOD-KAN"}]},{"@type":"WebSite","@id":"https:\/\/mzk.witnica.pl\/#website","url":"https:\/\/mzk.witnica.pl\/","name":"Miejskie Zak\u0142ady Komunalne Sp. z o.o. w Witnicy","description":"ul. Kosynier\u00f3w Miros\u0142awskich 1, 66-460 Witnica","publisher":{"@id":"https:\/\/mzk.witnica.pl\/#organization"},"potentialAction":[{"@type":"SearchAction","target":{"@type":"EntryPoint","urlTemplate":"https:\/\/mzk.witnica.pl\/?s={search_term_string}"},"query-input":"required name=search_term_string"}],"inLanguage":"pl-PL"},{"@type":"Organization","@id":"https:\/\/mzk.witnica.pl\/#organization","name":"Miejskie Zak\u0142ady Komunalne Sp. z o.o. w Witnicy","url":"https:\/\/mzk.witnica.pl\/","logo":{"@type":"ImageObject","inLanguage":"pl-PL","@id":"https:\/\/mzk.witnica.pl\/#\/schema\/logo\/image\/","url":"https:\/\/mzk.witnica.pl\/wp-content\/uploads\/2024\/07\/cropped-cropped-Logo-Dobre.jpg","contentUrl":"https:\/\/mzk.witnica.pl\/wp-content\/uploads\/2024\/07\/cropped-cropped-Logo-Dobre.jpg","width":516,"height":519,"caption":"Miejskie Zak\u0142ady Komunalne Sp. z o.o.  w Witnicy"},"image":{"@id":"https:\/\/mzk.witnica.pl\/#\/schema\/logo\/image\/"}}]}},"_links":{"self":[{"href":"https:\/\/mzk.witnica.pl\/index.php?rest_route=\/wp\/v2\/pages\/1148","targetHints":{"allow":["GET"]}}],"collection":[{"href":"https:\/\/mzk.witnica.pl\/index.php?rest_route=\/wp\/v2\/pages"}],"about":[{"href":"https:\/\/mzk.witnica.pl\/index.php?rest_route=\/wp\/v2\/types\/page"}],"author":[{"embeddable":true,"href":"https:\/\/mzk.witnica.pl\/index.php?rest_route=\/wp\/v2\/users\/3"}],"replies":[{"embeddable":true,"href":"https:\/\/mzk.witnica.pl\/index.php?rest_route=%2Fwp%2Fv2%2Fcomments&post=1148"}],"version-history":[{"count":28,"href":"https:\/\/mzk.witnica.pl\/index.php?rest_route=\/wp\/v2\/pages\/1148\/revisions"}],"predecessor-version":[{"id":1179,"href":"https:\/\/mzk.witnica.pl\/index.php?rest_route=\/wp\/v2\/pages\/1148\/revisions\/1179"}],"wp:attachment":[{"href":"https:\/\/mzk.witnica.pl\/index.php?rest_route=%2Fwp%2Fv2%2Fmedia&parent=1148"}],"curies":[{"name":"wp","href":"https:\/\/api.w.org\/{rel}","templated":true}]}}